{"id":46,"date":"2017-06-19T10:44:27","date_gmt":"2017-06-19T08:44:27","guid":{"rendered":"http:\/\/www.scherrerwirt.at\/?page_id=46"},"modified":"2024-07-03T07:54:57","modified_gmt":"2024-07-03T05:54:57","slug":"impressum","status":"publish","type":"page","link":"https:\/\/www.scherrerwirt.at\/en\/impressum\/","title":{"rendered":"IMPRESSUM"},"content":{"rendered":"Scherrerwirt Gasthof Widegger<br \/>\nInh. Bernhard Widegger<br \/>\nAltendorf 8<br \/>\nA-4793 St. Roman bei Sch\u00e4rding<\/p>\n<p>Tel.: +43 7716 7350<br \/>\nE-Mail:<a href=\"mailto:info@scherrerwirt.at\"> info@scherrerwirt.at<\/a><\/p>\n<p>Einzelunternehmen<br \/>\nInformationen nach ECG<\/p>\n<p>Gesch\u00e4ftsf\u00fchrer: Bernhard Widegger<br \/>\nWirtschaftskammer O\u00d6<br \/>\nFachgruppe: Gastronomie<br \/>\nATU 615 18 423<\/p>\n<p>Beh\u00f6rde gem. ECG: Bezirkshauptmannschaft Sch\u00e4rding<\/p>\n<p>Gesamtkonzept &amp; Text:Ulli &amp; Andi von \u00a0<a href=\"http:\/\/www.l-event.de\">www.l-event.de<br \/>\n<\/a><\/p>\n<p>Technischer Support: Markus Luger<\/p>\n<p>Alle Bilder Scherrer \/ Kerstin Taubeneder <a href=\"http:\/\/www.taubeneder-fotografie.de\">www.taubeneder-fotografie.de<\/a><\/p>\n<p>&nbsp;<\/p>\n<h3>Haftungshinweis:<\/h3>\n<p>Trotz sorgf\u00e4ltiger inhaltlicher Kontrolle \u00fcbernehmen wir keine Haftung f\u00fcr die Inhalte externer Links. F\u00fcr den Inhalt der verlinkten Seiten sind ausschlie\u00dflich deren Betreiber verantwortlich.","protected":false},"excerpt":{"rendered":"<p>Scherrerwirt Gasthof Widegger Inh. Bernhard Widegger Altendorf 8 A-4793 St. Roman bei Sch\u00e4rding Tel.: +43 7716 7350 E-Mail: info@scherrerwirt.at Einzelunternehmen Informationen nach ECG Gesch\u00e4ftsf\u00fchrer: Bernhard Widegger Wirtschaftskammer O\u00d6 Fachgruppe: Gastronomie ATU 615 18 423 Beh\u00f6rde gem. ECG: Bezirkshauptmannschaft Sch\u00e4rding Gesamtkonzept &amp; Text:Ulli &amp; Andi von \u00a0www.l-event.de Technischer Support: Markus Luger Alle Bilder Scherrer \/ Kerstin..<\/p>\n","protected":false},"author":2,"featured_media":0,"parent":0,"menu_order":0,"comment_status":"closed","ping_status":"closed","template":"","meta":{"footnotes":""},"_links":{"self":[{"href":"https:\/\/www.scherrerwirt.at\/en\/wp-json\/wp\/v2\/pages\/46"}],"collection":[{"href":"https:\/\/www.scherrerwirt.at\/en\/wp-json\/wp\/v2\/pages"}],"about":[{"href":"https:\/\/www.scherrerwirt.at\/en\/wp-json\/wp\/v2\/types\/page"}],"author":[{"embeddable":true,"href":"https:\/\/www.scherrerwirt.at\/en\/wp-json\/wp\/v2\/users\/2"}],"replies":[{"embeddable":true,"href":"https:\/\/www.scherrerwirt.at\/en\/wp-json\/wp\/v2\/comments?post=46"}],"version-history":[{"count":15,"href":"https:\/\/www.scherrerwirt.at\/en\/wp-json\/wp\/v2\/pages\/46\/revisions"}],"predecessor-version":[{"id":1350,"href":"https:\/\/www.scherrerwirt.at\/en\/wp-json\/wp\/v2\/pages\/46\/revisions\/1350"}],"wp:attachment":[{"href":"https:\/\/www.scherrerwirt.at\/en\/wp-json\/wp\/v2\/media?parent=46"}],"curies":[{"name":"wp","href":"https:\/\/api.w.org\/{rel}","templated":true}]}}